{"id":6012,"date":"2026-04-13T18:11:20","date_gmt":"2026-04-13T14:11:20","guid":{"rendered":"https:\/\/adsa.az\/?page_id=6012"},"modified":"2026-04-13T20:21:35","modified_gmt":"2026-04-13T16:21:35","slug":"informasiya","status":"publish","type":"page","link":"https:\/\/adsa.az\/?page_id=6012","title":{"rendered":"\u0130NFORMAS\u0130YA"},"content":{"rendered":"<p>ADSA &#8211; Az\u0259rbaycan Daun Sindromu Ail\u0259si \u0130ctimai Birliyinin sayt\u0131na xo\u015f g\u0259ldiniz.<\/p>\n<p>B\u00fct\u00fcn d\u00fcnyada oldu\u011fu kimi Az\u0259rbaycanda da Daun Sindromu da\u015f\u0131y\u0131c\u0131s\u0131 olan y\u00fczl\u0259rc\u0259 u\u015faq, g\u0259nc v\u0259 ya\u015fl\u0131 n\u0259sild\u0259n olan insan var. H\u0259m onlar, h\u0259m d\u0259 onlar\u0131n valideyinl\u0259ri bir \u00e7ox probleml\u0259rl\u0259 qar\u015f\u0131la\u015f\u0131rlar, bu probleml\u0259r \u0259sas\u0259n Daun Sindromu haqq\u0131nda onlar\u0131 t\u0259rbiy\u0259 ed\u0259n insanlarda laz\u0131mi bilikl\u0259rin olmamas\u0131ndan qaynaqlanmaqdad\u0131r. ADSA \u0130ctimai Birliyi ilk n\u00f6vb\u0259d\u0259 bu bilik defisitini aradan qald\u0131rma\u011f\u0131 qar\u015f\u0131s\u0131na m\u0259qs\u0259d qoymu\u015fdur.<\/p>\n<p>Adsa.az sayt\u0131 da bu m\u0259qs\u0259d\u0259 xidm\u0259t ed\u0259c\u0259kdir. Yeni m\u00fcst\u0259qillik qazanm\u0131\u015f respublikam\u0131zda x\u00fcsusi qay\u011f\u0131ya ehtiyac\u0131 olan insanlar\u0131n, o c\u00fcml\u0259d\u0259n Daun Sindromu da\u015f\u0131y\u0131c\u0131lar\u0131n\u0131n sosial m\u00fcdafi\u0259si, t\u0259hsili v\u0259 sa\u011flaml\u0131\u011f\u0131 il\u0259 ba\u011fl\u0131 bir \u00e7ox qanunvericilik aktlar\u0131 q\u0259bul edilib, Az\u0259rbaycan Konstitusiyas\u0131nda onlar\u0131n t\u0259m\u0259l haqlar\u0131 \u00f6z \u0259ksini tap\u0131b. Lakin, Daunlu u\u015faqlar\u0131n valideyinl\u0259rinin birg\u0259 h\u0259r\u0259kat\u0131na da b\u00f6y\u00fck ehtiyac vard\u0131r. Valideyin d\u0259t\u0259k qruplar\u0131n\u0131n yarad\u0131lmas\u0131, bilik v\u0259 t\u0259cr\u00fcb\u0259nin payla\u015f\u0131lmas\u0131, probleml\u0259rin birlikd\u0259 \u0259l-\u0259l\u0259 ver\u0259r\u0259k aradan qald\u0131r\u0131lmas\u0131 son d\u0259r\u0259c\u0259 vacibdir. Unutmay\u0131n, dol\u011fun h\u0259yat ya\u015famaq bizim \u00f6vladlar\u0131m\u0131z\u0131n haqq\u0131d\u0131r.<\/p>\n<p>Bu sah\u0259d\u0259 inki\u015faf etmi\u015f m\u0259d\u0259ni d\u00fcnya \u00f6lk\u0259l\u0259rinin z\u0259ngin t\u0259cr\u00fcb\u0259si bizim ixtiyar\u0131m\u0131zdad\u0131r. Daun Sindromu haqq\u0131nda q\u0259diml\u0259rd\u0259 yay\u011f\u0131n olan x\u00fcrafat bu \u00f6lk\u0259l\u0259rd\u0259 \u0259sas\u0259n da\u011f\u0131lm\u0131\u015fd\u0131r, bizim \u00f6hd\u0259miz\u0259 d\u00fc\u015f\u0259n sad\u0259c\u0259 olaraq bu t\u0259cr\u00fcb\u0259ni \u00f6yr\u0259nib yaymaqdan ibar\u0259tdir.<\/p>\n","protected":false},"excerpt":{"rendered":"<p>ADSA &#8211; Az\u0259rbaycan Daun Sindromu Ail\u0259si \u0130ctimai Birliyinin sayt\u0131na xo\u015f g\u0259ldiniz. B\u00fct\u00fcn d\u00fcnyada oldu\u011fu kimi Az\u0259rbaycanda da Daun Sindromu da\u015f\u0131y\u0131c\u0131s\u0131 olan y\u00fczl\u0259rc\u0259 u\u015faq, g\u0259nc v\u0259 ya\u015fl\u0131 n\u0259sild\u0259n olan insan var. H\u0259m onlar, h\u0259m d\u0259 onlar\u0131n valideyinl\u0259ri bir \u00e7ox probleml\u0259rl\u0259 qar\u015f\u0131la\u015f\u0131rlar, bu probleml\u0259r \u0259sas\u0259n Daun Sindromu haqq\u0131nda onlar\u0131 t\u0259rbiy\u0259 ed\u0259n insanlarda [&hellip;]<\/p>\n","protected":false},"author":1,"featured_media":0,"parent":0,"menu_order":0,"comment_status":"closed","ping_status":"closed","template":"","meta":{"_themeisle_gutenberg_block_has_review":false,"footnotes":""},"class_list":["post-6012","page","type-page","status-publish","hentry"],"_links":{"self":[{"href":"https:\/\/adsa.az\/index.php?rest_route=\/wp\/v2\/pages\/6012","targetHints":{"allow":["GET"]}}],"collection":[{"href":"https:\/\/adsa.az\/index.php?rest_route=\/wp\/v2\/pages"}],"about":[{"href":"https:\/\/adsa.az\/index.php?rest_route=\/wp\/v2\/types\/page"}],"author":[{"embeddable":true,"href":"https:\/\/adsa.az\/index.php?rest_route=\/wp\/v2\/users\/1"}],"replies":[{"embeddable":true,"href":"https:\/\/adsa.az\/index.php?rest_route=%2Fwp%2Fv2%2Fcomments&post=6012"}],"version-history":[{"count":2,"href":"https:\/\/adsa.az\/index.php?rest_route=\/wp\/v2\/pages\/6012\/revisions"}],"predecessor-version":[{"id":6082,"href":"https:\/\/adsa.az\/index.php?rest_route=\/wp\/v2\/pages\/6012\/revisions\/6082"}],"wp:attachment":[{"href":"https:\/\/adsa.az\/index.php?rest_route=%2Fwp%2Fv2%2Fmedia&parent=6012"}],"curies":[{"name":"wp","href":"https:\/\/api.w.org\/{rel}","templated":true}]}}