{"id":6100,"date":"2026-04-13T20:35:10","date_gmt":"2026-04-13T16:35:10","guid":{"rendered":"https:\/\/adsa.az\/?page_id=6100"},"modified":"2026-04-13T20:35:10","modified_gmt":"2026-04-13T16:35:10","slug":"daun-sindromu-n%c9%99dir","status":"publish","type":"page","link":"https:\/\/adsa.az\/?page_id=6100","title":{"rendered":"Daun Sindromu n\u0259dir?"},"content":{"rendered":"<p>Daun Sindromlu u\u015faq sahibi ail\u0259l\u0259rin \u0259n b\u00f6y\u00fck d\u00fc\u015fm\u0259ni m\u0259lumats\u0131z olmalar\u0131d\u0131r. Buna g\u00f6r\u0259 d\u0259 &#8220;Daun Sindromu n\u0259dir?&#8221; sual\u0131na cavab verm\u0259y\u0259 \u00e7al\u0131\u015faca\u011f\u0131q. Bunu ed\u0259rk\u0259n i\u015fl\u0259d\u0259c\u0259yimiz b\u0259zi terminl\u0259r siz\u0259 tan\u0131\u015f olmasa da narahat olmay\u0131n.<\/p>\n<p>&nbsp;<\/p>\n<p>\u018fn sad\u0259 ifad\u0259 il\u0259 Daun Sindromu u\u015fa\u011f\u0131n\u0131z\u0131n orqanizmind\u0259ki h\u00fcceyr\u0259l\u0259rin 46 yerin\u0259 art\u0131q bir xromosoma, y\u0259ni 47 xromosoma sahib olmas\u0131d\u0131r. Daun Sindromu bir x\u0259st\u0259lik deyil genetik bir f\u0259rqlilikdir.<\/p>\n<p>&nbsp;<\/p>\n<p>\u0130nsan orqanizmini t\u0259\u015fkil ed\u0259n h\u00fcceyr\u0259l\u0259rin n\u00fcv\u0259l\u0259ri xromosomlarla birbirl\u0259rin\u0259 ba\u011flanm\u0131\u015f olan genl\u0259rd\u0259n ibar\u0259tdir. H\u0259min bu genl\u0259r v\u0259 xromosomlar fizyoloji v\u0259 \u015f\u0259xsiyy\u0259t qurulu\u015fumuzun ana \u00fcns\u00fcrl\u0259ridir, dolay\u0131s\u0131yla u\u015fa\u011f\u0131n\u0131z\u0131n sahib oldu\u011fu art\u0131q bir xromosom onun hayat\u0131n\u0131 t\u0259sirl\u0259ndirm\u0259kd\u0259dir. Xromosom anomaliyalar\u0131n\u0131n \u00e7oxunda embrion inki\u015faf ed\u0259 bilm\u0259z. Daun Sindromu embrionun \u00f6z inki\u015faf\u0131n\u0131 tamamlaya bildiyi bir hald\u0131r.<\/p>\n<p>&nbsp;<\/p>\n<p>U\u015fa\u011f\u0131n\u0131z\u0131n fiziki g\u00f6r\u00fcn\u00fc\u015f\u00fc dig\u0259r u\u015faqlardan bir az f\u0259rqli ola bil\u0259r, b\u0259zi sa\u011flaml\u0131q probleml\u0259ri ola bil\u0259r. F\u0259q\u0259t unutmay\u0131n ki, b\u0259zi u\u015faqlar\u0131n sar\u0131 sa\u00e7l\u0131, b\u0259zil\u0259rinin mavi g\u00f6zl\u00fc olmas\u0131 kimi sizin u\u015fa\u011f\u0131n\u0131z\u0131n da Daun Sindromlu olmas\u0131 bir genetik f\u0259rqlilikdir.<\/p>\n<p>&nbsp;<\/p>\n<p>Daun Sindromu m\u00f6vzusunda iki \u015fey d\u0259qiqdir. Birincisi, Daun Sindromunun qayna\u011f\u0131 ana-ata deyildir v\u0259 hamil\u0259lik \u00f6nc\u0259si v\u0259 ya s\u0131ras\u0131 olan hi\u00e7 bir \u015fey u\u015fa\u011f\u0131n Daun Sindromlu do\u011fmas\u0131na yol a\u00e7maz. \u0130kincisi, dig\u0259r u\u015faqlar kimi Daun Sindromlu u\u015faqlar\u0131n da \u00f6zl\u0259rin\u0259 m\u0259xsus olan \u015f\u0259xsiyy\u0259tl\u0259ri, qabiliyy\u0259tl\u0259ri v\u0259 d\u00fc\u015f\u00fcnc\u0259l\u0259ri vard\u0131r. Dig\u0259r u\u015faqlar kimi onlar da f\u0259rqli xarakter\u0259 sahib bir f\u0259rd olaraq b\u00f6y\u00fcy\u0259c\u0259kl\u0259rdir.<\/p>\n<p>&nbsp;<\/p>\n<p>D\u00fcnyan\u0131n h\u0259r yerind\u0259 v\u0259 b\u00fct\u00fcn insan irql\u0259rinda Daun Sindromu m\u00f6vcuddur v\u0259 zamanla ortaya \u00e7\u0131xan bir hal deyildir. Daun Sindromlu insanlar\u0131n, insanl\u0131\u011f\u0131n yaranmas\u0131ndan b\u0259ri var oldu\u011fu d\u00fc\u015f\u00fcn\u00fclm\u0259kd\u0259dir. Dolay\u0131s\u0131yla Daun Sindromunu h\u0259yat\u0131n t\u0259bii bir par\u00e7as\u0131 olaraq q\u0259bul etm\u0259k laz\u0131md\u0131r.<\/p>\n<p>&nbsp;<\/p>\n","protected":false},"excerpt":{"rendered":"<p>Daun Sindromlu u\u015faq sahibi ail\u0259l\u0259rin \u0259n b\u00f6y\u00fck d\u00fc\u015fm\u0259ni m\u0259lumats\u0131z olmalar\u0131d\u0131r. Buna g\u00f6r\u0259 d\u0259 &#8220;Daun Sindromu n\u0259dir?&#8221; sual\u0131na cavab verm\u0259y\u0259 \u00e7al\u0131\u015faca\u011f\u0131q. Bunu ed\u0259rk\u0259n i\u015fl\u0259d\u0259c\u0259yimiz b\u0259zi terminl\u0259r siz\u0259 tan\u0131\u015f olmasa da narahat olmay\u0131n. &nbsp; \u018fn sad\u0259 ifad\u0259 il\u0259 Daun Sindromu u\u015fa\u011f\u0131n\u0131z\u0131n orqanizmind\u0259ki h\u00fcceyr\u0259l\u0259rin 46 yerin\u0259 art\u0131q bir xromosoma, y\u0259ni 47 xromosoma sahib [&hellip;]<\/p>\n","protected":false},"author":1,"featured_media":0,"parent":6012,"menu_order":0,"comment_status":"closed","ping_status":"closed","template":"","meta":{"_themeisle_gutenberg_block_has_review":false,"footnotes":""},"class_list":["post-6100","page","type-page","status-publish","hentry"],"_links":{"self":[{"href":"https:\/\/adsa.az\/index.php?rest_route=\/wp\/v2\/pages\/6100","targetHints":{"allow":["GET"]}}],"collection":[{"href":"https:\/\/adsa.az\/index.php?rest_route=\/wp\/v2\/pages"}],"about":[{"href":"https:\/\/adsa.az\/index.php?rest_route=\/wp\/v2\/types\/page"}],"author":[{"embeddable":true,"href":"https:\/\/adsa.az\/index.php?rest_route=\/wp\/v2\/users\/1"}],"replies":[{"embeddable":true,"href":"https:\/\/adsa.az\/index.php?rest_route=%2Fwp%2Fv2%2Fcomments&post=6100"}],"version-history":[{"count":1,"href":"https:\/\/adsa.az\/index.php?rest_route=\/wp\/v2\/pages\/6100\/revisions"}],"predecessor-version":[{"id":6101,"href":"https:\/\/adsa.az\/index.php?rest_route=\/wp\/v2\/pages\/6100\/revisions\/6101"}],"up":[{"embeddable":true,"href":"https:\/\/adsa.az\/index.php?rest_route=\/wp\/v2\/pages\/6012"}],"wp:attachment":[{"href":"https:\/\/adsa.az\/index.php?rest_route=%2Fwp%2Fv2%2Fmedia&parent=6100"}],"curies":[{"name":"wp","href":"https:\/\/api.w.org\/{rel}","templated":true}]}}