{"id":6119,"date":"2026-04-13T20:44:38","date_gmt":"2026-04-13T16:44:38","guid":{"rendered":"https:\/\/adsa.az\/?page_id=6119"},"modified":"2026-04-13T20:44:38","modified_gmt":"2026-04-13T16:44:38","slug":"daun-sindromlu-korp%c9%99-valideynl%c9%99rin-qeyri-sosial-davranisinin-m%c9%99hsuludurmu","status":"publish","type":"page","link":"https:\/\/adsa.az\/?page_id=6119","title":{"rendered":"Daun sindromlu k\u00f6rp\u0259 valideynl\u0259rin qeyri-sosial davran\u0131\u015f\u0131n\u0131n m\u0259hsuludurmu?"},"content":{"rendered":"<p>Bu bel\u0259 deyil: statistikaya g\u00f6r\u0259, h\u0259r 700 yeni do\u011fulmu\u015f u\u015faqdan biri d\u00fcnyaya Daun sindromu il\u0259 g\u0259lir. Bu nisb\u0259t m\u00fcxt\u0259lif \u00f6lk\u0259l\u0259rd\u0259, iqlim zonalar\u0131nda, ictimai t\u0259b\u0259q\u0259l\u0259rd\u0259 eynidir. O, valideynl\u0259rin h\u0259yat t\u0259rzind\u0259n, onlar\u0131n sa\u011flaml\u0131\u011f\u0131ndan, ziyanl\u0131 v\u0259rdi\u015fl\u0259rind\u0259n, qidalanmas\u0131ndan, maddi imkanlar\u0131ndan, t\u0259hsilind\u0259n, d\u0259risinin r\u0259ngind\u0259n v\u0259 milliyy\u0259tind\u0259n as\u0131l\u0131 deyil. O\u011flan v\u0259 q\u0131zlar eyni tezlikl\u0259 do\u011fulurlar. Valideynl\u0259r normal xromosom d\u0259stin\u0259 malik olurlar.<\/p>\n","protected":false},"excerpt":{"rendered":"<p>Bu bel\u0259 deyil: statistikaya g\u00f6r\u0259, h\u0259r 700 yeni do\u011fulmu\u015f u\u015faqdan biri d\u00fcnyaya Daun sindromu il\u0259 g\u0259lir. Bu nisb\u0259t m\u00fcxt\u0259lif \u00f6lk\u0259l\u0259rd\u0259, iqlim zonalar\u0131nda, ictimai t\u0259b\u0259q\u0259l\u0259rd\u0259 eynidir. O, valideynl\u0259rin h\u0259yat t\u0259rzind\u0259n, onlar\u0131n sa\u011flaml\u0131\u011f\u0131ndan, ziyanl\u0131 v\u0259rdi\u015fl\u0259rind\u0259n, qidalanmas\u0131ndan, maddi imkanlar\u0131ndan, t\u0259hsilind\u0259n, d\u0259risinin r\u0259ngind\u0259n v\u0259 milliyy\u0259tind\u0259n as\u0131l\u0131 deyil. O\u011flan v\u0259 q\u0131zlar eyni tezlikl\u0259 do\u011fulurlar. Valideynl\u0259r [&hellip;]<\/p>\n","protected":false},"author":1,"featured_media":0,"parent":6018,"menu_order":0,"comment_status":"closed","ping_status":"closed","template":"","meta":{"_themeisle_gutenberg_block_has_review":false,"footnotes":""},"class_list":["post-6119","page","type-page","status-publish","hentry"],"_links":{"self":[{"href":"https:\/\/adsa.az\/index.php?rest_route=\/wp\/v2\/pages\/6119","targetHints":{"allow":["GET"]}}],"collection":[{"href":"https:\/\/adsa.az\/index.php?rest_route=\/wp\/v2\/pages"}],"about":[{"href":"https:\/\/adsa.az\/index.php?rest_route=\/wp\/v2\/types\/page"}],"author":[{"embeddable":true,"href":"https:\/\/adsa.az\/index.php?rest_route=\/wp\/v2\/users\/1"}],"replies":[{"embeddable":true,"href":"https:\/\/adsa.az\/index.php?rest_route=%2Fwp%2Fv2%2Fcomments&post=6119"}],"version-history":[{"count":1,"href":"https:\/\/adsa.az\/index.php?rest_route=\/wp\/v2\/pages\/6119\/revisions"}],"predecessor-version":[{"id":6120,"href":"https:\/\/adsa.az\/index.php?rest_route=\/wp\/v2\/pages\/6119\/revisions\/6120"}],"up":[{"embeddable":true,"href":"https:\/\/adsa.az\/index.php?rest_route=\/wp\/v2\/pages\/6018"}],"wp:attachment":[{"href":"https:\/\/adsa.az\/index.php?rest_route=%2Fwp%2Fv2%2Fmedia&parent=6119"}],"curies":[{"name":"wp","href":"https:\/\/api.w.org\/{rel}","templated":true}]}}