{"id":6121,"date":"2026-04-13T20:44:56","date_gmt":"2026-04-13T16:44:56","guid":{"rendered":"https:\/\/adsa.az\/?page_id=6121"},"modified":"2026-04-13T20:45:38","modified_gmt":"2026-04-13T16:45:38","slug":"ail%c9%99-daun-sindromlu-korp%c9%99y%c9%99-gor%c9%99-dagilirmi","status":"publish","type":"page","link":"https:\/\/adsa.az\/?page_id=6121","title":{"rendered":"Ail\u0259 Daun sindromlu k\u00f6rp\u0259y\u0259 g\u00f6r\u0259 da\u011f\u0131l\u0131rm\u0131?"},"content":{"rendered":"<p>Bu, bel\u0259 deyil : ail\u0259l\u0259r dig\u0259r s\u0259b\u0259bl\u0259rd\u0259n daha tez-tez da\u011f\u0131l\u0131rlar!<\/p>\n","protected":false},"excerpt":{"rendered":"<p>Bu, bel\u0259 deyil : ail\u0259l\u0259r dig\u0259r s\u0259b\u0259bl\u0259rd\u0259n daha tez-tez da\u011f\u0131l\u0131rlar!<\/p>\n","protected":false},"author":1,"featured_media":0,"parent":6018,"menu_order":0,"comment_status":"closed","ping_status":"closed","template":"","meta":{"_themeisle_gutenberg_block_has_review":false,"footnotes":""},"class_list":["post-6121","page","type-page","status-publish","hentry"],"_links":{"self":[{"href":"https:\/\/adsa.az\/index.php?rest_route=\/wp\/v2\/pages\/6121","targetHints":{"allow":["GET"]}}],"collection":[{"href":"https:\/\/adsa.az\/index.php?rest_route=\/wp\/v2\/pages"}],"about":[{"href":"https:\/\/adsa.az\/index.php?rest_route=\/wp\/v2\/types\/page"}],"author":[{"embeddable":true,"href":"https:\/\/adsa.az\/index.php?rest_route=\/wp\/v2\/users\/1"}],"replies":[{"embeddable":true,"href":"https:\/\/adsa.az\/index.php?rest_route=%2Fwp%2Fv2%2Fcomments&post=6121"}],"version-history":[{"count":2,"href":"https:\/\/adsa.az\/index.php?rest_route=\/wp\/v2\/pages\/6121\/revisions"}],"predecessor-version":[{"id":6123,"href":"https:\/\/adsa.az\/index.php?rest_route=\/wp\/v2\/pages\/6121\/revisions\/6123"}],"up":[{"embeddable":true,"href":"https:\/\/adsa.az\/index.php?rest_route=\/wp\/v2\/pages\/6018"}],"wp:attachment":[{"href":"https:\/\/adsa.az\/index.php?rest_route=%2Fwp%2Fv2%2Fmedia&parent=6121"}],"curies":[{"name":"wp","href":"https:\/\/api.w.org\/{rel}","templated":true}]}}