{"id":6124,"date":"2026-04-13T20:46:16","date_gmt":"2026-04-13T16:46:16","guid":{"rendered":"https:\/\/adsa.az\/?page_id=6124"},"modified":"2026-04-13T20:46:16","modified_gmt":"2026-04-13T16:46:16","slug":"daun-sindromlu-adamlar-aqressiya-v%c9%99-qeyri-adekvat-davranis-gost%c9%99r%c9%99r%c9%99k-c%c9%99miyy%c9%99t-ucun-t%c9%99hluk%c9%99-yaradirlarmi","status":"publish","type":"page","link":"https:\/\/adsa.az\/?page_id=6124","title":{"rendered":"Daun sindromlu adamlar aqressiya v\u0259 qeyri-adekvat davran\u0131\u015f g\u00f6st\u0259r\u0259r\u0259k c\u0259miyy\u0259t \u00fc\u00e7\u00fcn t\u0259hl\u00fck\u0259 yarad\u0131rlarm\u0131?"},"content":{"rendered":"<p>Daun sindromlu insanlar s\u0259mimi m\u0259h\u0259bb\u0259t n\u00fcmun\u0259si g\u00f6st\u0259rm\u0259y\u0259 qadirdirl\u0259r. Bel\u0259 adamlar ad\u0259t\u0259n n\u0259vazi\u015fli olur v\u0259 mehriband\u0131rlar. Amma h\u0259r birinin \u00f6z xarakteri v\u0259 adi adamlarda oldu\u011fu kimi d\u0259yi\u015fk\u0259n \u0259hval-ruhiyy\u0259si vard\u0131r.<\/p>\n","protected":false},"excerpt":{"rendered":"<p>Daun sindromlu insanlar s\u0259mimi m\u0259h\u0259bb\u0259t n\u00fcmun\u0259si g\u00f6st\u0259rm\u0259y\u0259 qadirdirl\u0259r. Bel\u0259 adamlar ad\u0259t\u0259n n\u0259vazi\u015fli olur v\u0259 mehriband\u0131rlar. Amma h\u0259r birinin \u00f6z xarakteri v\u0259 adi adamlarda oldu\u011fu kimi d\u0259yi\u015fk\u0259n \u0259hval-ruhiyy\u0259si vard\u0131r.<\/p>\n","protected":false},"author":1,"featured_media":0,"parent":6018,"menu_order":0,"comment_status":"closed","ping_status":"closed","template":"","meta":{"_themeisle_gutenberg_block_has_review":false,"footnotes":""},"class_list":["post-6124","page","type-page","status-publish","hentry"],"_links":{"self":[{"href":"https:\/\/adsa.az\/index.php?rest_route=\/wp\/v2\/pages\/6124","targetHints":{"allow":["GET"]}}],"collection":[{"href":"https:\/\/adsa.az\/index.php?rest_route=\/wp\/v2\/pages"}],"about":[{"href":"https:\/\/adsa.az\/index.php?rest_route=\/wp\/v2\/types\/page"}],"author":[{"embeddable":true,"href":"https:\/\/adsa.az\/index.php?rest_route=\/wp\/v2\/users\/1"}],"replies":[{"embeddable":true,"href":"https:\/\/adsa.az\/index.php?rest_route=%2Fwp%2Fv2%2Fcomments&post=6124"}],"version-history":[{"count":1,"href":"https:\/\/adsa.az\/index.php?rest_route=\/wp\/v2\/pages\/6124\/revisions"}],"predecessor-version":[{"id":6125,"href":"https:\/\/adsa.az\/index.php?rest_route=\/wp\/v2\/pages\/6124\/revisions\/6125"}],"up":[{"embeddable":true,"href":"https:\/\/adsa.az\/index.php?rest_route=\/wp\/v2\/pages\/6018"}],"wp:attachment":[{"href":"https:\/\/adsa.az\/index.php?rest_route=%2Fwp%2Fv2%2Fmedia&parent=6124"}],"curies":[{"name":"wp","href":"https:\/\/api.w.org\/{rel}","templated":true}]}}