{"id":6135,"date":"2026-04-13T20:50:21","date_gmt":"2026-04-13T16:50:21","guid":{"rendered":"https:\/\/adsa.az\/?page_id=6135"},"modified":"2026-04-13T20:50:21","modified_gmt":"2026-04-13T16:50:21","slug":"daun-sindromu-termini-nec%c9%99-yaranib","status":"publish","type":"page","link":"https:\/\/adsa.az\/?page_id=6135","title":{"rendered":"Daun-sindromu termini nec\u0259 yaran\u0131b?"},"content":{"rendered":"<p>1866-c\u0131 ild\u0259 ingilis doktor J.L. Down t\u0259r\u0259find\u0259n ilk d\u0259f\u0259 t\u0259sbit edilmi\u015fdir. 1959-cu ild\u0259 frans\u0131z J. Lejeune Daun sindromlu f\u0259rdl\u0259rd\u0259 47 xromosom oldu\u011funu k\u0259\u015ff etmi\u015fdir. Bu s\u0259b\u0259bl\u0259 d\u0259 h\u0259min sindrom ilk k\u0259\u015ff ed\u0259nin \u015f\u0259r\u0259fin\u0259 Daun sindromu olaraq adland\u0131r\u0131lm\u0131\u015fd\u0131r. Elmi n\u00f6qteyi-n\u0259z\u0259rd\u0259n ayr\u0131ca Trisomi 21 d\u0259 deyiliir. Daha \u0259vv\u0259ll\u0259r \u201cMongolizm \u201c olaraq adlansa da uzun ill\u0259rdir art\u0131q bu deyim i\u015fl\u0259nm\u0259m\u0259kd\u0259dir.<\/p>\n","protected":false},"excerpt":{"rendered":"<p>1866-c\u0131 ild\u0259 ingilis doktor J.L. Down t\u0259r\u0259find\u0259n ilk d\u0259f\u0259 t\u0259sbit edilmi\u015fdir. 1959-cu ild\u0259 frans\u0131z J. Lejeune Daun sindromlu f\u0259rdl\u0259rd\u0259 47 xromosom oldu\u011funu k\u0259\u015ff etmi\u015fdir. Bu s\u0259b\u0259bl\u0259 d\u0259 h\u0259min sindrom ilk k\u0259\u015ff ed\u0259nin \u015f\u0259r\u0259fin\u0259 Daun sindromu olaraq adland\u0131r\u0131lm\u0131\u015fd\u0131r. Elmi n\u00f6qteyi-n\u0259z\u0259rd\u0259n ayr\u0131ca Trisomi 21 d\u0259 deyiliir. Daha \u0259vv\u0259ll\u0259r \u201cMongolizm \u201c olaraq adlansa [&hellip;]<\/p>\n","protected":false},"author":1,"featured_media":0,"parent":6018,"menu_order":0,"comment_status":"closed","ping_status":"closed","template":"","meta":{"_themeisle_gutenberg_block_has_review":false,"footnotes":""},"class_list":["post-6135","page","type-page","status-publish","hentry"],"_links":{"self":[{"href":"https:\/\/adsa.az\/index.php?rest_route=\/wp\/v2\/pages\/6135","targetHints":{"allow":["GET"]}}],"collection":[{"href":"https:\/\/adsa.az\/index.php?rest_route=\/wp\/v2\/pages"}],"about":[{"href":"https:\/\/adsa.az\/index.php?rest_route=\/wp\/v2\/types\/page"}],"author":[{"embeddable":true,"href":"https:\/\/adsa.az\/index.php?rest_route=\/wp\/v2\/users\/1"}],"replies":[{"embeddable":true,"href":"https:\/\/adsa.az\/index.php?rest_route=%2Fwp%2Fv2%2Fcomments&post=6135"}],"version-history":[{"count":1,"href":"https:\/\/adsa.az\/index.php?rest_route=\/wp\/v2\/pages\/6135\/revisions"}],"predecessor-version":[{"id":6136,"href":"https:\/\/adsa.az\/index.php?rest_route=\/wp\/v2\/pages\/6135\/revisions\/6136"}],"up":[{"embeddable":true,"href":"https:\/\/adsa.az\/index.php?rest_route=\/wp\/v2\/pages\/6018"}],"wp:attachment":[{"href":"https:\/\/adsa.az\/index.php?rest_route=%2Fwp%2Fv2%2Fmedia&parent=6135"}],"curies":[{"name":"wp","href":"https:\/\/api.w.org\/{rel}","templated":true}]}}