{"id":6137,"date":"2026-04-13T20:51:21","date_gmt":"2026-04-13T16:51:21","guid":{"rendered":"https:\/\/adsa.az\/?page_id=6137"},"modified":"2026-04-13T20:51:31","modified_gmt":"2026-04-13T16:51:31","slug":"daun-sindromu-n%c9%99-ucun-meydana-g%c9%99lir","status":"publish","type":"page","link":"https:\/\/adsa.az\/?page_id=6137","title":{"rendered":"Daun-sindromu n\u0259 \u00fc\u00e7\u00fcn meydana g\u0259lir?"},"content":{"rendered":"<p>Daun-Sindromunun n\u0259d\u0259n yarand\u0131\u011f\u0131 m\u0259s\u0259l\u0259si bu g\u00fcn\u0259 q\u0259d\u0259r cavabs\u0131z qalmaqdad\u0131r. Bu problemin m\u00fct\u0259x\u0259ssisl\u0259ri Daun-sindromu \u00fc\u00e7\u00fcn \u201ct\u0259sad\u00fcfl\u0259r n\u0259tic\u0259sind\u0259 ortaya \u00e7\u0131xmaqdad\u0131r\u201d deyirl\u0259r. Apar\u0131lan ara\u015fd\u0131rmalarda elmi olaraq ortaya g\u00f6st\u0259ril\u0259 bil\u0259n s\u0259b\u0259b, anan\u0131n ya\u015f\u0131n\u0131n 35-d\u0259n yuxar\u0131 olmas\u0131 v\u0259 ya atan\u0131n ya\u015fl\u0131 olmas\u0131 Daun-sindromlu u\u015faq sahibi olma ehtimal\u0131n\u0131 art\u0131rd\u0131\u011f\u0131 \u015f\u0259klind\u0259dir.<\/p>\n<p>Daun-Sindromlu u\u015faqlarda do\u011fu\u015f sonras\u0131 g\u00f6r\u00fcl\u0259n b\u0259zi ortaq x\u00fcsusiyy\u0259tl\u0259r:<\/p>\n<p>\u00dcz: Daun-Sindromlu bir u\u015fa\u011f\u0131n \u00fcz\u00fc \u0259sas\u0259n yuvarlaq v\u0259 bas\u0131qd\u0131r.<\/p>\n<p>&nbsp;<\/p>\n<p>Ba\u015f: Brakisefalikdir.<\/p>\n<p>&nbsp;<\/p>\n<p>G\u00f6zl\u0259r: Dem\u0259k olar ki, b\u00fct\u00fcn Daun-Sindromlu u\u015faqlar\u0131n g\u00f6zl\u0259ri badam kimi yuxar\u0131 do\u011fru \u00e7\u0259kilidir. G\u00f6zl\u0259rinin burun t\u0259r\u0259fl\u0259rind\u0259 \u201cepikantus\u201d deyil\u0259n bir d\u0259ri q\u0131vr\u0131m\u0131 vard\u0131r. Yeni do\u011fanlarda g\u00f6z i\u00e7ind\u0259 a\u011f v\u0259 ya azac\u0131q sar\u0131 l\u0259k\u0259l\u0259r ola bil\u0259r. Bunlar zaman ke\u00e7dikc\u0259 yoxa \u00e7\u0131x\u0131r.<\/p>\n<p>&nbsp;<\/p>\n<p>Sa\u00e7lar: Sa\u00e7lar \u0259sas\u0259n yum\u015faq, seyr\u0259k v\u0259 parlaqd\u0131r.<\/p>\n<p>&nbsp;<\/p>\n<p>\u018fns\u0259: Daun-Sindromlu yeni do\u011fulan u\u015fa\u011f\u0131n \u0259ns\u0259sind\u0259 b\u00f6y\u00fcd\u00fckc\u0259 yox olan bir d\u0259ri qat\u0131 m\u00fc\u015fahid\u0259 edilm\u0259kd\u0259dir. Sa\u00e7 x\u0259tti \u0259ns\u0259d\u0259 ad\u0259t\u0259n daha y\u00fcks\u0259kd\u0259dir. \u018fns\u0259 daha d\u00fcz kimi durmaqdad\u0131r.<\/p>\n<p>&nbsp;<\/p>\n<p>\u018fz\u0259l\u0259 tonusu: Yeni do\u011fulanlar\u0131n boyun v\u0259 dig\u0259r oynaqlar\u0131 elastikdir. U\u015faqlar quca\u011fa g\u00f6t\u00fcr\u00fcl\u0259nd\u0259 \u0259t kimi olurlar. Y\u0259ni \u0259z\u0259l\u0259l\u0259ri \u00e7ox bo\u015f olur. Buna Hipotoniya deyilir.<\/p>\n<p>&nbsp;<\/p>\n<p>A\u011f\u0131z : A\u011f\u0131zlar\u0131 ad\u0259t\u0259n ki\u00e7ik olur. Damaqlari y\u00fcks\u0259kdir. B\u00fct\u00fcn \u0259z\u0259l\u0259l\u0259rd\u0259 oldu\u011fu kimi dilin, v\u0259 a\u011f\u0131z \u0259z\u0259l\u0259l\u0259rinin bo\u015f olmas\u0131na g\u00f6r\u0259 dil ad\u0259t\u0259n bay\u0131ra \u00e7\u0131x\u0131r.<\/p>\n<p>&nbsp;<\/p>\n<p>\u018fll\u0259r: \u018fll\u0259r geni\u015f v\u0259 barmaqlar q\u0131sad\u0131r. Bir \u00e7oxunda ovuc i\u00e7ind\u0259 enin\u0259 qal\u0131n bir cizgi vard\u0131r. (Simian x\u0259tti)<\/p>\n<p>&nbsp;<\/p>\n<p>Ayaqlar: Ayaqlar \u00e7ox halda q\u0131sa olur v\u0259 ayaq ba\u015f barmaq il\u0259 ikinci barmaq aras\u0131nda bir bo\u015fluq vard\u0131r.(Sandalet bo\u015flu\u011fu)<\/p>\n<p>&nbsp;<\/p>\n<p>Boy: Daun-Sindromlu u\u015faqlar\u0131n \u00e7\u0259kisi v\u0259 boyu do\u011fulanda ad\u0259t\u0259n normaldan \u00e7ox da f\u0259rqli deyildir. B\u0259zil\u0259ri is\u0259 orta boy h\u0259ddinin bir az alt\u0131nda ola bilirl\u0259r. Yetkin ya\u015fda ad\u0259t\u0259n q\u0131sa boylu olurlar. Ail\u0259l\u0259rinin boy ortalamas\u0131na yax\u0131nla\u015fanlar\u0131n say\u0131 az deyildir.<\/p>\n","protected":false},"excerpt":{"rendered":"<p>Daun-Sindromunun n\u0259d\u0259n yarand\u0131\u011f\u0131 m\u0259s\u0259l\u0259si bu g\u00fcn\u0259 q\u0259d\u0259r cavabs\u0131z qalmaqdad\u0131r. Bu problemin m\u00fct\u0259x\u0259ssisl\u0259ri Daun-sindromu \u00fc\u00e7\u00fcn \u201ct\u0259sad\u00fcfl\u0259r n\u0259tic\u0259sind\u0259 ortaya \u00e7\u0131xmaqdad\u0131r\u201d deyirl\u0259r. Apar\u0131lan ara\u015fd\u0131rmalarda elmi olaraq ortaya g\u00f6st\u0259ril\u0259 bil\u0259n s\u0259b\u0259b, anan\u0131n ya\u015f\u0131n\u0131n 35-d\u0259n yuxar\u0131 olmas\u0131 v\u0259 ya atan\u0131n ya\u015fl\u0131 olmas\u0131 Daun-sindromlu u\u015faq sahibi olma ehtimal\u0131n\u0131 art\u0131rd\u0131\u011f\u0131 \u015f\u0259klind\u0259dir. Daun-Sindromlu u\u015faqlarda do\u011fu\u015f sonras\u0131 g\u00f6r\u00fcl\u0259n b\u0259zi [&hellip;]<\/p>\n","protected":false},"author":1,"featured_media":0,"parent":6018,"menu_order":0,"comment_status":"closed","ping_status":"closed","template":"","meta":{"_themeisle_gutenberg_block_has_review":false,"footnotes":""},"class_list":["post-6137","page","type-page","status-publish","hentry"],"_links":{"self":[{"href":"https:\/\/adsa.az\/index.php?rest_route=\/wp\/v2\/pages\/6137","targetHints":{"allow":["GET"]}}],"collection":[{"href":"https:\/\/adsa.az\/index.php?rest_route=\/wp\/v2\/pages"}],"about":[{"href":"https:\/\/adsa.az\/index.php?rest_route=\/wp\/v2\/types\/page"}],"author":[{"embeddable":true,"href":"https:\/\/adsa.az\/index.php?rest_route=\/wp\/v2\/users\/1"}],"replies":[{"embeddable":true,"href":"https:\/\/adsa.az\/index.php?rest_route=%2Fwp%2Fv2%2Fcomments&post=6137"}],"version-history":[{"count":2,"href":"https:\/\/adsa.az\/index.php?rest_route=\/wp\/v2\/pages\/6137\/revisions"}],"predecessor-version":[{"id":6139,"href":"https:\/\/adsa.az\/index.php?rest_route=\/wp\/v2\/pages\/6137\/revisions\/6139"}],"up":[{"embeddable":true,"href":"https:\/\/adsa.az\/index.php?rest_route=\/wp\/v2\/pages\/6018"}],"wp:attachment":[{"href":"https:\/\/adsa.az\/index.php?rest_route=%2Fwp%2Fv2%2Fmedia&parent=6137"}],"curies":[{"name":"wp","href":"https:\/\/api.w.org\/{rel}","templated":true}]}}