{"id":6140,"date":"2026-04-13T20:52:47","date_gmt":"2026-04-13T16:52:47","guid":{"rendered":"https:\/\/adsa.az\/?page_id=6140"},"modified":"2026-04-13T20:52:47","modified_gmt":"2026-04-13T16:52:47","slug":"daun-sindromu-tipl%c9%99ri-n%c9%99l%c9%99rdir","status":"publish","type":"page","link":"https:\/\/adsa.az\/?page_id=6140","title":{"rendered":"Daun-sindromu tipl\u0259ri n\u0259l\u0259rdir?"},"content":{"rendered":"<p>Daun Sindromunun m\u00fcxt\u0259lif formalar\u0131 vard\u0131r. Bunlar:<\/p>\n<p>S\u0259rb\u0259st trisomiya 21:<\/p>\n<p>\u018fn \u00e7ox rast g\u0259lin\u0259n tiptir. B\u00fct\u00fcn Daun Sindromu hallar\u0131n\u0131n t\u0259xmin\u0259n 95 faiz\u0259 q\u0259d\u0259ri bu tipdir. Daun Sindromunun b\u00fct\u00fcn \u0259lam\u0259tl\u0259ri bu tipd\u0259 vard\u0131r. Xromosom say\u0131 47 \u0259d\u0259ddir. Anan\u0131n ya\u015f\u0131n\u0131n \u00e7ox olmas\u0131 il\u0259 daha \u00e7ox \u0259laq\u0259lidir. Atan\u0131n ya\u015f\u0131n\u0131n \u0259llinin \u00fczerind\u0259 olmas\u0131 da bu tipd\u0259 \u00f6n plandad\u0131r.<\/p>\n<p>&nbsp;<\/p>\n<p>Translokasiya trisomiyas\u0131 21:<\/p>\n<p>Ad\u0259t\u0259n yeni bir t\u0259zah\u00fcr olaraq ortaya \u00e7\u0131xar. 4-5 % nisb\u0259tind\u0259 rast g\u0259linir. Xromosom say\u0131 46 olaraq t\u0259sbit edils\u0259 d\u0259 art\u0131q olan xromosom yox olmam\u0131\u015f, ba\u015fqa bir xromosomla birle\u015fmi\u015fdir. Ail\u0259d\u0259 25 % nisb\u0259tind\u0259 bir xromosom translokasiyas\u0131 ola bil\u0259r. Bu u\u015faqlarda s\u0259rb\u0259st Trisomiya 21 kimi Daun Sindromunun b\u00fct\u00fcn \u0259lam\u0259tl\u0259rin\u0259 rast g\u0259lm\u0259k olur. Ail\u0259d\u0259 xromosom analizi m\u0259sl\u0259h\u0259t g\u00f6r\u00fcl\u00fcr.<\/p>\n<p>&nbsp;<\/p>\n<p>Mozaik trisomiya 21:<\/p>\n<p>&nbsp;<\/p>\n<p>B\u00fct\u00fcn Daun-sindromu hallar\u0131 i\u00e7ind\u0259 t\u0259qrib\u0259n 1- 2 % nisb\u0259tind\u0259 rast g\u0259linm\u0259kd\u0259dir. Da\u015f\u0131y\u0131c\u0131s\u0131 olan f\u0259rdl\u0259rin b\u0259zi h\u00fcceyr\u0259l\u0259rind\u0259 46, b\u0259zil\u0259rind\u0259 is\u0259 47 xromosom vard\u0131r. \u018flam\u0259tl\u0259r h\u00fcceyr\u0259l\u0259rin t\u0259sirl\u0259nm\u0259 d\u0259r\u0259c\u0259sin\u0259 g\u00f6r\u0259 f\u0259rql\u0259n\u0259 bil\u0259r.<\/p>\n","protected":false},"excerpt":{"rendered":"<p>Daun Sindromunun m\u00fcxt\u0259lif formalar\u0131 vard\u0131r. Bunlar: S\u0259rb\u0259st trisomiya 21: \u018fn \u00e7ox rast g\u0259lin\u0259n tiptir. B\u00fct\u00fcn Daun Sindromu hallar\u0131n\u0131n t\u0259xmin\u0259n 95 faiz\u0259 q\u0259d\u0259ri bu tipdir. Daun Sindromunun b\u00fct\u00fcn \u0259lam\u0259tl\u0259ri bu tipd\u0259 vard\u0131r. Xromosom say\u0131 47 \u0259d\u0259ddir. Anan\u0131n ya\u015f\u0131n\u0131n \u00e7ox olmas\u0131 il\u0259 daha \u00e7ox \u0259laq\u0259lidir. Atan\u0131n ya\u015f\u0131n\u0131n \u0259llinin \u00fczerind\u0259 olmas\u0131 da bu [&hellip;]<\/p>\n","protected":false},"author":1,"featured_media":0,"parent":6018,"menu_order":0,"comment_status":"closed","ping_status":"closed","template":"","meta":{"_themeisle_gutenberg_block_has_review":false,"footnotes":""},"class_list":["post-6140","page","type-page","status-publish","hentry"],"_links":{"self":[{"href":"https:\/\/adsa.az\/index.php?rest_route=\/wp\/v2\/pages\/6140","targetHints":{"allow":["GET"]}}],"collection":[{"href":"https:\/\/adsa.az\/index.php?rest_route=\/wp\/v2\/pages"}],"about":[{"href":"https:\/\/adsa.az\/index.php?rest_route=\/wp\/v2\/types\/page"}],"author":[{"embeddable":true,"href":"https:\/\/adsa.az\/index.php?rest_route=\/wp\/v2\/users\/1"}],"replies":[{"embeddable":true,"href":"https:\/\/adsa.az\/index.php?rest_route=%2Fwp%2Fv2%2Fcomments&post=6140"}],"version-history":[{"count":1,"href":"https:\/\/adsa.az\/index.php?rest_route=\/wp\/v2\/pages\/6140\/revisions"}],"predecessor-version":[{"id":6141,"href":"https:\/\/adsa.az\/index.php?rest_route=\/wp\/v2\/pages\/6140\/revisions\/6141"}],"up":[{"embeddable":true,"href":"https:\/\/adsa.az\/index.php?rest_route=\/wp\/v2\/pages\/6018"}],"wp:attachment":[{"href":"https:\/\/adsa.az\/index.php?rest_route=%2Fwp%2Fv2%2Fmedia&parent=6140"}],"curies":[{"name":"wp","href":"https:\/\/api.w.org\/{rel}","templated":true}]}}