{"id":6142,"date":"2026-04-13T20:53:24","date_gmt":"2026-04-13T16:53:24","guid":{"rendered":"https:\/\/adsa.az\/?page_id=6142"},"modified":"2026-04-13T20:53:24","modified_gmt":"2026-04-13T16:53:24","slug":"daun-sindromunun-mualic%c9%99si-varmi","status":"publish","type":"page","link":"https:\/\/adsa.az\/?page_id=6142","title":{"rendered":"Daun-sindromunun m\u00fcalic\u0259si varm\u0131?"},"content":{"rendered":"<p>Daun Sindromu bir x\u0259st\u0259lik deyil; eynil\u0259 ya\u015f\u0131l g\u00f6z, sar\u0131 sa\u00e7 kimi bir keyfiyy\u0259tdir. Bu s\u0259b\u0259bl\u0259 m\u00fcalic\u0259 imkan\u0131 yoxdur. Ancaq Daun Sindromuna yolda\u015fl\u0131q ed\u0259n b\u0259zi x\u0259st\u0259likl\u0259r vard\u0131r. \u0130lk n\u00f6vb\u0259d\u0259 onlar\u0131n m\u00fcalic\u0259 edilmesi laz\u0131md\u0131r.<\/p>\n<p>Daun Sindromuna yolda\u015fl\u0131q ed\u0259n x\u0259st\u0259likl\u0259r hans\u0131lard\u0131r?<\/p>\n<p>Daun Sindromuna yolda\u015fl\u0131q ed\u0259n x\u0259st\u0259likl\u0259rd\u0259n b\u0259zil\u0259ri bunlard\u0131r:<\/p>\n<p>Anadang\u0259lm\u0259 \u00fcr\u0259k q\u00fcsurlar\u0131, Tiroid x\u0259st\u0259likl\u0259ri, \u0130mmuntet sistemi \u00e7at\u0131\u015fmazl\u0131\u011f\u0131, Artm\u0131\u015f Leykoz faizi, Yuxar\u0131 n\u0259f\u0259s yollar\u0131 infeksiyas\u0131 ba\u015fda olmaqla m\u00fcxt\u0259lif infeksiyalar, M\u0259d\u0259 v\u0259 ba\u011f\u0131rsaq probleml\u0259ri, G\u00f6z v\u0259 qulaq x\u0259st\u0259likl\u0259ri, Di\u015fl\u0259rd\u0259 forma pozuqlu\u011fu<\/p>\n<p>&nbsp;<\/p>\n","protected":false},"excerpt":{"rendered":"<p>Daun Sindromu bir x\u0259st\u0259lik deyil; eynil\u0259 ya\u015f\u0131l g\u00f6z, sar\u0131 sa\u00e7 kimi bir keyfiyy\u0259tdir. Bu s\u0259b\u0259bl\u0259 m\u00fcalic\u0259 imkan\u0131 yoxdur. Ancaq Daun Sindromuna yolda\u015fl\u0131q ed\u0259n b\u0259zi x\u0259st\u0259likl\u0259r vard\u0131r. \u0130lk n\u00f6vb\u0259d\u0259 onlar\u0131n m\u00fcalic\u0259 edilmesi laz\u0131md\u0131r. Daun Sindromuna yolda\u015fl\u0131q ed\u0259n x\u0259st\u0259likl\u0259r hans\u0131lard\u0131r? Daun Sindromuna yolda\u015fl\u0131q ed\u0259n x\u0259st\u0259likl\u0259rd\u0259n b\u0259zil\u0259ri bunlard\u0131r: Anadang\u0259lm\u0259 \u00fcr\u0259k q\u00fcsurlar\u0131, Tiroid x\u0259st\u0259likl\u0259ri, [&hellip;]<\/p>\n","protected":false},"author":1,"featured_media":0,"parent":6018,"menu_order":0,"comment_status":"closed","ping_status":"closed","template":"","meta":{"_themeisle_gutenberg_block_has_review":false,"footnotes":""},"class_list":["post-6142","page","type-page","status-publish","hentry"],"_links":{"self":[{"href":"https:\/\/adsa.az\/index.php?rest_route=\/wp\/v2\/pages\/6142","targetHints":{"allow":["GET"]}}],"collection":[{"href":"https:\/\/adsa.az\/index.php?rest_route=\/wp\/v2\/pages"}],"about":[{"href":"https:\/\/adsa.az\/index.php?rest_route=\/wp\/v2\/types\/page"}],"author":[{"embeddable":true,"href":"https:\/\/adsa.az\/index.php?rest_route=\/wp\/v2\/users\/1"}],"replies":[{"embeddable":true,"href":"https:\/\/adsa.az\/index.php?rest_route=%2Fwp%2Fv2%2Fcomments&post=6142"}],"version-history":[{"count":1,"href":"https:\/\/adsa.az\/index.php?rest_route=\/wp\/v2\/pages\/6142\/revisions"}],"predecessor-version":[{"id":6143,"href":"https:\/\/adsa.az\/index.php?rest_route=\/wp\/v2\/pages\/6142\/revisions\/6143"}],"up":[{"embeddable":true,"href":"https:\/\/adsa.az\/index.php?rest_route=\/wp\/v2\/pages\/6018"}],"wp:attachment":[{"href":"https:\/\/adsa.az\/index.php?rest_route=%2Fwp%2Fv2%2Fmedia&parent=6142"}],"curies":[{"name":"wp","href":"https:\/\/api.w.org\/{rel}","templated":true}]}}