{"id":6144,"date":"2026-04-13T20:54:12","date_gmt":"2026-04-13T16:54:12","guid":{"rendered":"https:\/\/adsa.az\/?page_id=6144"},"modified":"2026-04-13T20:54:12","modified_gmt":"2026-04-13T16:54:12","slug":"daun-sindromlu-usagimiz-ucun-n%c9%99l%c9%99r-ed%c9%99-bil%c9%99rik","status":"publish","type":"page","link":"https:\/\/adsa.az\/?page_id=6144","title":{"rendered":"Daun Sindromlu u\u015fa\u011f\u0131m\u0131z \u00fc\u00e7\u00fcn n\u0259l\u0259r ed\u0259 bil\u0259rik?"},"content":{"rendered":"<p>Daun Sindromunda \u0259qli v\u0259 fiziki inki\u015faf\u0131n d\u0259st\u0259kl\u0259nm\u0259si \u00fc\u00e7\u00fcn erk\u0259n t\u0259lim v\u0259 erk\u0259n fizyoterapiya g\u0259r\u0259klidir. Bu s\u0259b\u0259bl\u0259 do\u011fum sonras\u0131 \u0259n q\u0131sa m\u00fcdd\u0259td\u0259 u\u015fa\u011f\u0131n t\u0259rbiy\u0259sin\u0259 ba\u015flanmal\u0131d\u0131r.<\/p>\n<p>&nbsp;<\/p>\n<p>Daun Sindromunda Dan\u0131\u015fma:<\/p>\n<p>Daun Sindromlu bir u\u015faqda inki\u015faf ya\u015f\u0131dlar\u0131yla m\u00fcqayis\u0259d\u0259 geri qald\u0131\u011f\u0131 \u00fc\u00e7\u00fcn dan\u0131\u015fmas\u0131 gecikir. Bu s\u0259b\u0259bl\u0259 yana\u015f\u0131 davam ed\u0259n x\u0259st\u0259likl\u0259r m\u00fcalic\u0259 edilm\u0259lidir v\u0259 ola bil\u0259c\u0259k e\u015fitm\u0259 probleml\u0259ri aradan qald\u0131r\u0131larsa, veril\u0259c\u0259k t\u0259rbiy\u0259nin keyfiyy\u0259ti il\u0259 eyni nisb\u0259td\u0259 u\u015faq ortalama 2-3 ya\u015f\u0131nda ilk k\u0259lm\u0259l\u0259ri t\u0259l\u0259ff\u00fcz etm\u0259y\u0259 ba\u015flayar. \u0130lk k\u0259lm\u0259l\u0259rd\u0259n sonra dan\u0131\u015fmas\u0131 s\u00fcr\u0259tl\u0259 inki\u015faf ed\u0259r.<\/p>\n<p>&nbsp;<\/p>\n<p>&nbsp;<\/p>\n<p>Daun Sindromunda Fizioterapiya:<\/p>\n<p>Daun Sindromlu u\u015faqlar\u0131m\u0131zda \u00fcmum\u0259n bir \u0259z\u0259l\u0259 bo\u015flu\u011fu vard\u0131r. Buna g\u00f6r\u0259 d\u0259 u\u015fa\u011f\u0131n ba\u015f\u0131n\u0131 tutmas\u0131, im\u0259kl\u0259m\u0259si v\u0259 yerim\u0259si gec olur. Bunu s\u00fcr\u0259tl\u0259ndirm\u0259k \u00fc\u00e7\u00fcn fizioterapiyaya erk\u0259n ba\u015flanmas\u0131, onun h\u0259yata daha tez ba\u015flamas\u0131nda, \u0259traf\u0131n\u0131 k\u0259\u015ff etm\u0259sind\u0259 yard\u0131m\u00e7\u0131 olur.<\/p>\n<p>&nbsp;<\/p>\n<p>&nbsp;<\/p>\n<p>47-ci xromosomun g\u0259tirdikl\u0259ri<\/p>\n<p>&nbsp;<\/p>\n<p>H\u0259r \u015feyd\u0259n \u00f6nc\u0259 Daun Sindromlu f\u0259rdl\u0259r sevincli, d\u00fcr\u00fcst v\u0259 qaydalara uyumludurlar. Yard\u0131msev\u0259rdirl\u0259r. R\u0259hm duy\u011fular\u0131 \u00e7ox yax\u015f\u0131 inki\u015faf etmi\u015fdir. Kinli olmaq, eqoistlik v\u0259 \u00f6z xeyrini g\u00fcdm\u0259k hissi onlardan uzaqd\u0131r. T\u0259bi\u0259ti sev\u0259rl\u0259r. Din\u0259 meyill\u0259ri b\u00f6y\u00fckd\u00fcr. Xo\u015fag\u0259l\u0259n olduqlar\u0131na g\u00f6r\u0259 c\u0259miyy\u0259t aras\u0131nda d\u0259rhal h\u0259r zaman maraq obyektin\u0259 \u00e7evrilirl\u0259r. Xo\u015fag\u0259lm\u0259z \u015feyl\u0259rd\u0259n tez t\u0259sirl\u0259nirl\u0259r. H\u0259ssas olurlar. Yams\u0131lamaq qabiliyy\u0259tl\u0259ri \u00e7ox yax\u015f\u0131 inki\u015faf etmi\u015f olur. \u0130nc\u0259s\u0259n\u0259td\u0259 u\u011fur qazan\u0131rlar. Musiqi v\u0259 r\u0259sm sah\u0259sind\u0259 t\u0259hsil ala bils\u0259l\u0259r \u00e7ox yax\u015f\u0131 n\u0259tic\u0259l\u0259r g\u00f6st\u0259r\u0259 bil\u0259rl\u0259r.<\/p>\n<p>&nbsp;<\/p>\n","protected":false},"excerpt":{"rendered":"<p>Daun Sindromunda \u0259qli v\u0259 fiziki inki\u015faf\u0131n d\u0259st\u0259kl\u0259nm\u0259si \u00fc\u00e7\u00fcn erk\u0259n t\u0259lim v\u0259 erk\u0259n fizyoterapiya g\u0259r\u0259klidir. Bu s\u0259b\u0259bl\u0259 do\u011fum sonras\u0131 \u0259n q\u0131sa m\u00fcdd\u0259td\u0259 u\u015fa\u011f\u0131n t\u0259rbiy\u0259sin\u0259 ba\u015flanmal\u0131d\u0131r. &nbsp; Daun Sindromunda Dan\u0131\u015fma: Daun Sindromlu bir u\u015faqda inki\u015faf ya\u015f\u0131dlar\u0131yla m\u00fcqayis\u0259d\u0259 geri qald\u0131\u011f\u0131 \u00fc\u00e7\u00fcn dan\u0131\u015fmas\u0131 gecikir. Bu s\u0259b\u0259bl\u0259 yana\u015f\u0131 davam ed\u0259n x\u0259st\u0259likl\u0259r m\u00fcalic\u0259 edilm\u0259lidir v\u0259 ola [&hellip;]<\/p>\n","protected":false},"author":1,"featured_media":0,"parent":6018,"menu_order":0,"comment_status":"closed","ping_status":"closed","template":"","meta":{"_themeisle_gutenberg_block_has_review":false,"footnotes":""},"class_list":["post-6144","page","type-page","status-publish","hentry"],"_links":{"self":[{"href":"https:\/\/adsa.az\/index.php?rest_route=\/wp\/v2\/pages\/6144","targetHints":{"allow":["GET"]}}],"collection":[{"href":"https:\/\/adsa.az\/index.php?rest_route=\/wp\/v2\/pages"}],"about":[{"href":"https:\/\/adsa.az\/index.php?rest_route=\/wp\/v2\/types\/page"}],"author":[{"embeddable":true,"href":"https:\/\/adsa.az\/index.php?rest_route=\/wp\/v2\/users\/1"}],"replies":[{"embeddable":true,"href":"https:\/\/adsa.az\/index.php?rest_route=%2Fwp%2Fv2%2Fcomments&post=6144"}],"version-history":[{"count":1,"href":"https:\/\/adsa.az\/index.php?rest_route=\/wp\/v2\/pages\/6144\/revisions"}],"predecessor-version":[{"id":6145,"href":"https:\/\/adsa.az\/index.php?rest_route=\/wp\/v2\/pages\/6144\/revisions\/6145"}],"up":[{"embeddable":true,"href":"https:\/\/adsa.az\/index.php?rest_route=\/wp\/v2\/pages\/6018"}],"wp:attachment":[{"href":"https:\/\/adsa.az\/index.php?rest_route=%2Fwp%2Fv2%2Fmedia&parent=6144"}],"curies":[{"name":"wp","href":"https:\/\/api.w.org\/{rel}","templated":true}]}}