{"id":6148,"date":"2026-04-13T20:55:20","date_gmt":"2026-04-13T16:55:20","guid":{"rendered":"https:\/\/adsa.az\/?page_id=6148"},"modified":"2026-04-13T20:55:39","modified_gmt":"2026-04-13T16:55:39","slug":"daun-sindromlu-usaqlar-bir-birl%c9%99rin%c9%99-b%c9%99nz%c9%99rl%c9%99rmi","status":"publish","type":"page","link":"https:\/\/adsa.az\/?page_id=6148","title":{"rendered":"Daun Sindromlu u\u015faqlar bir-birl\u0259rin\u0259 b\u0259nz\u0259rl\u0259rmi?"},"content":{"rendered":"<p>\u00dcz qurulu\u015flar\u0131 v\u0259 g\u00f6zl\u0259rind\u0259ki q\u0131y\u0131ql\u0131q s\u0259b\u0259bi il\u0259 \u00e7ox zaman insanlar u\u015faqlar\u0131m\u0131z\u0131 bir birl\u0259rin\u0259 b\u0259nz\u0259dirl\u0259r. \u018fslind\u0259 bu fikir do\u011fru deyildir. Onlar\u0131n h\u0259r biri \u00f6z ail\u0259sinin \u00f6z\u0259llikl\u0259rini da\u015f\u0131y\u0131r v\u0259 ail\u0259 \u00fczvl\u0259rind\u0259n biri v\u0259 ya bir ne\u00e7\u0259sinin \u00f6z\u0259lliyini da\u015f\u0131y\u0131rlar. B\u0259zi ortaq \u00f6z\u0259llikl\u0259ri vard\u0131r. Bu is\u0259 insani d\u0259y\u0259rl\u0259rinin olduqca y\u00fcks\u0259k olmas\u0131d\u0131r. Yalan bilm\u0259zl\u0259r. (X\u00fcsusi olaraq \u00f6yr\u0259dilm\u0259zs\u0259 !!!) Sevgil\u0259ri qar\u015f\u0131l\u0131qs\u0131zd\u0131r. H\u0259r biri olduqca sevimli v\u0259 sevgi doludurlar.<\/p>\n","protected":false},"excerpt":{"rendered":"<p>\u00dcz qurulu\u015flar\u0131 v\u0259 g\u00f6zl\u0259rind\u0259ki q\u0131y\u0131ql\u0131q s\u0259b\u0259bi il\u0259 \u00e7ox zaman insanlar u\u015faqlar\u0131m\u0131z\u0131 bir birl\u0259rin\u0259 b\u0259nz\u0259dirl\u0259r. \u018fslind\u0259 bu fikir do\u011fru deyildir. Onlar\u0131n h\u0259r biri \u00f6z ail\u0259sinin \u00f6z\u0259llikl\u0259rini da\u015f\u0131y\u0131r v\u0259 ail\u0259 \u00fczvl\u0259rind\u0259n biri v\u0259 ya bir ne\u00e7\u0259sinin \u00f6z\u0259lliyini da\u015f\u0131y\u0131rlar. B\u0259zi ortaq \u00f6z\u0259llikl\u0259ri vard\u0131r. Bu is\u0259 insani d\u0259y\u0259rl\u0259rinin olduqca y\u00fcks\u0259k olmas\u0131d\u0131r. Yalan bilm\u0259zl\u0259r. (X\u00fcsusi [&hellip;]<\/p>\n","protected":false},"author":1,"featured_media":0,"parent":6018,"menu_order":0,"comment_status":"closed","ping_status":"closed","template":"","meta":{"_themeisle_gutenberg_block_has_review":false,"footnotes":""},"class_list":["post-6148","page","type-page","status-publish","hentry"],"_links":{"self":[{"href":"https:\/\/adsa.az\/index.php?rest_route=\/wp\/v2\/pages\/6148","targetHints":{"allow":["GET"]}}],"collection":[{"href":"https:\/\/adsa.az\/index.php?rest_route=\/wp\/v2\/pages"}],"about":[{"href":"https:\/\/adsa.az\/index.php?rest_route=\/wp\/v2\/types\/page"}],"author":[{"embeddable":true,"href":"https:\/\/adsa.az\/index.php?rest_route=\/wp\/v2\/users\/1"}],"replies":[{"embeddable":true,"href":"https:\/\/adsa.az\/index.php?rest_route=%2Fwp%2Fv2%2Fcomments&post=6148"}],"version-history":[{"count":1,"href":"https:\/\/adsa.az\/index.php?rest_route=\/wp\/v2\/pages\/6148\/revisions"}],"predecessor-version":[{"id":6149,"href":"https:\/\/adsa.az\/index.php?rest_route=\/wp\/v2\/pages\/6148\/revisions\/6149"}],"up":[{"embeddable":true,"href":"https:\/\/adsa.az\/index.php?rest_route=\/wp\/v2\/pages\/6018"}],"wp:attachment":[{"href":"https:\/\/adsa.az\/index.php?rest_route=%2Fwp%2Fv2%2Fmedia&parent=6148"}],"curies":[{"name":"wp","href":"https:\/\/api.w.org\/{rel}","templated":true}]}}